{"id":361,"date":"2016-05-10T14:20:28","date_gmt":"2016-05-10T14:20:28","guid":{"rendered":"https:\/\/www.nbnplc.com\/?page_id=361&#038;lang=fr"},"modified":"2025-01-13T10:21:29","modified_gmt":"2025-01-13T14:21:29","slug":"faire-une-demande","status":"publish","type":"page","link":"https:\/\/www.nbnplc.com\/fr\/faire-une-demande\/","title":{"rendered":"Faire une demande"},"content":{"rendered":"<div class=\"wpb-content-wrapper\"><p>[vc_row type=\u00a0\u00bbfull_width_section\u00a0\u00bb bg_image=\u00a0\u00bb453\u2033 text_color=\u00a0\u00bblight\u00a0\u00bb top_padding=\u00a0\u00bb70\u2033 bottom_padding=\u00a0\u00bb70\u2033 class=\u00a0\u00bbgreenBar rowBottomMargin marginFix green-bg\u00a0\u00bb bg_type=\u00a0\u00bbimage\u00a0\u00bb enable_overlay=\u00a0\u00bbenable_overlay_value\u00a0\u00bb overlay_color=\u00a0\u00bbrgba(88,166,24,0.7)\u00a0\u00bb][vc_column width=\u00a0\u00bb1\/1\u2033][vc_column_text]<\/p>\n<h1 style=\"text-align: center;\">Faire une demande<\/h1>\n<p>[\/vc_column_text][\/vc_column][\/vc_row][vc_row class=\u00a0\u00bbaccordianList\u00a0\u00bb][vc_column width=\u00a0\u00bb1\/1\u2033][vc_column_text]<\/p>\n<h2>Vous devez \u00eatre un patient de la clinique dirig\u00e9e par du personnel infirmier praticien de North Bay pour voir un infirmier praticien.<\/h2>\n<p>[\/vc_column_text][vc_accordion active_tab=\u00a0\u00bbfalse\u00a0\u00bb collapsible=\u00a0\u00bbyes\u00a0\u00bb][vc_accordion_tab title=\u00a0\u00bbJ\u2019ai postul\u00e9, et maintenant?\u00a0\u00bb][vc_column_text]Une fois votre application re\u00e7ue, vous resterez dans notre syst\u00e8me de donn\u00e9es jusqu\u2019\u00e0 ce que la clinique soit en mesure de vous inscrire comme patient.<\/p>\n<p>Nous acceptons \u00e9galement les renvois d\u2019autres agences et fournisseurs de soins de sant\u00e9. Le crit\u00e8re principal est que les patients ne doivent pas avoir de m\u00e9decin de famille ou d\u2019infirmi\u00e8re praticienne lorsqu\u2019ils pr\u00e9sentent leur candidature.<\/p>\n<p>Si vos soins font partie du \u2018domaine d\u2019activit\u00e9\u2019 d\u2019une infirmi\u00e8re praticienne, vous avez le droit d\u2019\u00eatre un patient \u00e0 la clinique.\u00a0 L\u2019infirmi\u00e8re praticienne devient alors votre principal fournisseur de soins de sant\u00e9.<\/p>\n<p>Nous avons souvent tent\u00e9 de contacter des patients, mais ceux-ci ont d\u00e9m\u00e9nag\u00e9, chang\u00e9 leurs coordonn\u00e9es ou ne n\u00e9cessitent plus de soins. <strong>Veuillez nous informer si votre situation change.<\/strong><\/p>\n<p>Veuillez noter, que notre syst\u00e8me de donn\u00e9es n\u2019est pas surveill\u00e9e.[\/vc_column_text][\/vc_accordion_tab][vc_accordion_tab title=\u00a0\u00bbSi je fais une demande, suis-je aussi inscrit au Programme Acc\u00e8s Soins?\u00a0\u00bb][vc_column_text]Non. Vous faites seulement la demande pour \u00eatre patient \u00e0 notre clinique. Par contre, nous vous encourageons \u00e0 vous inscrire au programme Acc\u00e8s Soins pour vous aider \u00e0 trouver un fournisseur de soins de sant\u00e9 \u00e0 proximit\u00e9. En\u00a0s\u2019inscrivant \u00e0 la clinique, vous n\u2019\u00eates pas automatiquement inscrit avec Acc\u00e8s Soins. Pour vous y inscrire, appelez le 1-800-445-1822 ou visitez\u00a0<strong><a href=\"https:\/\/hcc3.hcc.moh.gov.on.ca\/HCCWeb\/faces\/layoutHCCSplash.jsp\">https:\/\/hcc3.hcc.moh.gov.on.ca\/HCCWeb\/faces\/layoutHCCSplash.jsp<\/a><\/strong>[\/vc_column_text][\/vc_accordion_tab][\/vc_accordion][vc_column_text]<\/p>\n<h2>Comment s\u2019inscrire :<\/h2>\n<ul>\n<li>Formulaire de demande en ligne ci-dessous<\/li>\n<li>En personne \u00e0 notre bureau \u2013 pour obtenir ou remplir le formulaire d\u2019application<\/li>\n<\/ul>\n<p><strong>Veuillez remplir le formulaire qui suit et appuyer sur le bouton Soumettre.<\/strong>[\/vc_column_text][\/vc_column][\/vc_row]<\/p>\n<\/div>","protected":false},"excerpt":{"rendered":"<p>[vc_row type=\u00a0\u00bbfull_width_section\u00a0\u00bb bg_image=\u00a0\u00bb453\u2033 text_color=\u00a0\u00bblight\u00a0\u00bb top_padding=\u00a0\u00bb70\u2033 bottom_padding=\u00a0\u00bb70\u2033 class=\u00a0\u00bbgreenBar rowBottomMargin marginFix green-bg\u00a0\u00bb bg_type=\u00a0\u00bbimage\u00a0\u00bb enable_overlay=\u00a0\u00bbenable_overlay_value\u00a0\u00bb overlay_color=\u00a0\u00bbrgba(88,166,24,0.7)\u00a0\u00bb][vc_column width=\u00a0\u00bb1\/1\u2033][vc_column_text] Faire une demande [\/vc_column_text][\/vc_column][\/vc_row][vc_row class=\u00a0\u00bbaccordianList\u00a0\u00bb][vc_column width=\u00a0\u00bb1\/1\u2033][vc_column_text] Vous devez \u00eatre un patient de la clinique dirig\u00e9e par du personnel infirmier praticien de North Bay pour voir un infirmier praticien. [\/vc_column_text][vc_accordion active_tab=\u00a0\u00bbfalse\u00a0\u00bb collapsible=\u00a0\u00bbyes\u00a0\u00bb][vc_accordion_tab title=\u00a0\u00bbJ\u2019ai postul\u00e9, et maintenant?\u00a0\u00bb][vc_column_text]Une fois votre application re\u00e7ue, vous resterez dans notre syst\u00e8me de donn\u00e9es jusqu\u2019\u00e0 ce que la clinique soit en mesure de vous inscrire comme patient. Nous acceptons \u00e9galement les renvois d\u2019autres agences et fournisseurs de soins de sant\u00e9. Le crit\u00e8re principal est que les patients ne doivent pas avoir de m\u00e9decin de famille ou d\u2019infirmi\u00e8re praticienne lorsqu\u2019ils pr\u00e9sentent leur candidature. Si vos soins font partie du \u2018domaine d\u2019activit\u00e9\u2019 d\u2019une infirmi\u00e8re praticienne, vous avez le droit d\u2019\u00eatre un patient \u00e0 la clinique.\u00a0 L\u2019infirmi\u00e8re praticienne devient alors votre principal fournisseur de soins de sant\u00e9. Nous avons souvent tent\u00e9 de contacter des patients, mais ceux-ci ont d\u00e9m\u00e9nag\u00e9, chang\u00e9 leurs coordonn\u00e9es ou ne n\u00e9cessitent plus de soins. Veuillez nous informer si votre situation change. Veuillez noter, que notre syst\u00e8me de donn\u00e9es n\u2019est pas surveill\u00e9e.[\/vc_column_text][\/vc_accordion_tab][vc_accordion_tab title=\u00a0\u00bbSi je fais une demande, suis-je aussi inscrit au Programme Acc\u00e8s Soins?\u00a0\u00bb][vc_column_text]Non. Vous faites seulement la demande pour \u00eatre patient \u00e0 notre [&hellip;]<\/p>\n","protected":false},"author":8,"featured_media":0,"parent":0,"menu_order":0,"comment_status":"closed","ping_status":"closed","template":"page-apply.php","meta":{"_acf_changed":false,"_bbp_topic_count":0,"_bbp_reply_count":0,"_bbp_total_topic_count":0,"_bbp_total_reply_count":0,"_bbp_voice_count":0,"_bbp_anonymous_reply_count":0,"_bbp_topic_count_hidden":0,"_bbp_reply_count_hidden":0,"_bbp_forum_subforum_count":0,"footnotes":""},"class_list":["post-361","page","type-page","status-publish","hentry"],"acf":[],"yoast_head":"<!-- This site is optimized with the Yoast SEO plugin v27.3 - https:\/\/yoast.com\/product\/yoast-seo-wordpress\/ -->\n<title>Faire une demande - North Bay Nurse Practitioner Clinic<\/title>\n<meta name=\"robots\" content=\"index, follow, max-snippet:-1, max-image-preview:large, max-video-preview:-1\" \/>\n<link rel=\"canonical\" href=\"https:\/\/www.nbnplc.com\/fr\/faire-une-demande\/\" \/>\n<meta property=\"og:locale\" content=\"fr_FR\" \/>\n<meta property=\"og:type\" content=\"article\" \/>\n<meta property=\"og:title\" content=\"Faire une demande - North Bay Nurse Practitioner Clinic\" \/>\n<meta property=\"og:description\" content=\"[vc_row type=\u00a0\u00bbfull_width_section\u00a0\u00bb bg_image=\u00a0\u00bb453\u2033 text_color=\u00a0\u00bblight\u00a0\u00bb top_padding=\u00a0\u00bb70\u2033 bottom_padding=\u00a0\u00bb70\u2033 class=\u00a0\u00bbgreenBar rowBottomMargin marginFix green-bg\u00a0\u00bb bg_type=\u00a0\u00bbimage\u00a0\u00bb enable_overlay=\u00a0\u00bbenable_overlay_value\u00a0\u00bb overlay_color=\u00a0\u00bbrgba(88,166,24,0.7)\u00a0\u00bb][vc_column width=\u00a0\u00bb1\/1\u2033][vc_column_text] Faire une demande [\/vc_column_text][\/vc_column][\/vc_row][vc_row class=\u00a0\u00bbaccordianList\u00a0\u00bb][vc_column width=\u00a0\u00bb1\/1\u2033][vc_column_text] Vous devez \u00eatre un patient de la clinique dirig\u00e9e par du personnel infirmier praticien de North Bay pour voir un infirmier praticien. [\/vc_column_text][vc_accordion active_tab=\u00a0\u00bbfalse\u00a0\u00bb collapsible=\u00a0\u00bbyes\u00a0\u00bb][vc_accordion_tab title=\u00a0\u00bbJ\u2019ai postul\u00e9, et maintenant?\u00a0\u00bb][vc_column_text]Une fois votre application re\u00e7ue, vous resterez dans notre syst\u00e8me de donn\u00e9es jusqu\u2019\u00e0 ce que la clinique soit en mesure de vous inscrire comme patient. Nous acceptons \u00e9galement les renvois d\u2019autres agences et fournisseurs de soins de sant\u00e9. Le crit\u00e8re principal est que les patients ne doivent pas avoir de m\u00e9decin de famille ou d\u2019infirmi\u00e8re praticienne lorsqu\u2019ils pr\u00e9sentent leur candidature. Si vos soins font partie du \u2018domaine d\u2019activit\u00e9\u2019 d\u2019une infirmi\u00e8re praticienne, vous avez le droit d\u2019\u00eatre un patient \u00e0 la clinique.\u00a0 L\u2019infirmi\u00e8re praticienne devient alors votre principal fournisseur de soins de sant\u00e9. Nous avons souvent tent\u00e9 de contacter des patients, mais ceux-ci ont d\u00e9m\u00e9nag\u00e9, chang\u00e9 leurs coordonn\u00e9es ou ne n\u00e9cessitent plus de soins. Veuillez nous informer si votre situation change. Veuillez noter, que notre syst\u00e8me de donn\u00e9es n\u2019est pas surveill\u00e9e.[\/vc_column_text][\/vc_accordion_tab][vc_accordion_tab title=\u00a0\u00bbSi je fais une demande, suis-je aussi inscrit au Programme Acc\u00e8s Soins?\u00a0\u00bb][vc_column_text]Non. Vous faites seulement la demande pour \u00eatre patient \u00e0 notre [&hellip;]\" \/>\n<meta property=\"og:url\" content=\"https:\/\/www.nbnplc.com\/fr\/faire-une-demande\/\" \/>\n<meta property=\"og:site_name\" content=\"North Bay Nurse Practitioner Clinic\" \/>\n<meta property=\"article:publisher\" content=\"https:\/\/www.facebook.com\/North-Bay-Nurse-Practitioner-Led-Clinic-150265282048538\/\" \/>\n<meta property=\"article:modified_time\" content=\"2025-01-13T14:21:29+00:00\" \/>\n<meta name=\"twitter:card\" content=\"summary_large_image\" \/>\n<meta name=\"twitter:site\" content=\"@NorthBayNPLC\" \/>\n<meta name=\"twitter:label1\" content=\"Dur\u00e9e de lecture estim\u00e9e\" \/>\n\t<meta name=\"twitter:data1\" content=\"2 minutes\" \/>\n<script type=\"application\/ld+json\" class=\"yoast-schema-graph\">{\"@context\":\"https:\\\/\\\/schema.org\",\"@graph\":[{\"@type\":\"WebPage\",\"@id\":\"https:\\\/\\\/www.nbnplc.com\\\/fr\\\/faire-une-demande\\\/\",\"url\":\"https:\\\/\\\/www.nbnplc.com\\\/fr\\\/faire-une-demande\\\/\",\"name\":\"Faire une demande - North Bay Nurse Practitioner Clinic\",\"isPartOf\":{\"@id\":\"https:\\\/\\\/www.nbnplc.com\\\/#website\"},\"datePublished\":\"2016-05-10T14:20:28+00:00\",\"dateModified\":\"2025-01-13T14:21:29+00:00\",\"breadcrumb\":{\"@id\":\"https:\\\/\\\/www.nbnplc.com\\\/fr\\\/faire-une-demande\\\/#breadcrumb\"},\"inLanguage\":\"fr-FR\",\"potentialAction\":[{\"@type\":\"ReadAction\",\"target\":[\"https:\\\/\\\/www.nbnplc.com\\\/fr\\\/faire-une-demande\\\/\"]}]},{\"@type\":\"BreadcrumbList\",\"@id\":\"https:\\\/\\\/www.nbnplc.com\\\/fr\\\/faire-une-demande\\\/#breadcrumb\",\"itemListElement\":[{\"@type\":\"ListItem\",\"position\":1,\"name\":\"Home\",\"item\":\"https:\\\/\\\/www.nbnplc.com\\\/fr\\\/\"},{\"@type\":\"ListItem\",\"position\":2,\"name\":\"Faire une demande\"}]},{\"@type\":\"WebSite\",\"@id\":\"https:\\\/\\\/www.nbnplc.com\\\/#website\",\"url\":\"https:\\\/\\\/www.nbnplc.com\\\/\",\"name\":\"North Bay Nurse Practitioner Clinic\",\"description\":\"\",\"potentialAction\":[{\"@type\":\"SearchAction\",\"target\":{\"@type\":\"EntryPoint\",\"urlTemplate\":\"https:\\\/\\\/www.nbnplc.com\\\/?s={search_term_string}\"},\"query-input\":{\"@type\":\"PropertyValueSpecification\",\"valueRequired\":true,\"valueName\":\"search_term_string\"}}],\"inLanguage\":\"fr-FR\"}]}<\/script>\n<!-- \/ Yoast SEO plugin. -->","yoast_head_json":{"title":"Faire une demande - North Bay Nurse Practitioner Clinic","robots":{"index":"index","follow":"follow","max-snippet":"max-snippet:-1","max-image-preview":"max-image-preview:large","max-video-preview":"max-video-preview:-1"},"canonical":"https:\/\/www.nbnplc.com\/fr\/faire-une-demande\/","og_locale":"fr_FR","og_type":"article","og_title":"Faire une demande - North Bay Nurse Practitioner Clinic","og_description":"[vc_row type=\u00a0\u00bbfull_width_section\u00a0\u00bb bg_image=\u00a0\u00bb453\u2033 text_color=\u00a0\u00bblight\u00a0\u00bb top_padding=\u00a0\u00bb70\u2033 bottom_padding=\u00a0\u00bb70\u2033 class=\u00a0\u00bbgreenBar rowBottomMargin marginFix green-bg\u00a0\u00bb bg_type=\u00a0\u00bbimage\u00a0\u00bb enable_overlay=\u00a0\u00bbenable_overlay_value\u00a0\u00bb overlay_color=\u00a0\u00bbrgba(88,166,24,0.7)\u00a0\u00bb][vc_column width=\u00a0\u00bb1\/1\u2033][vc_column_text] Faire une demande [\/vc_column_text][\/vc_column][\/vc_row][vc_row class=\u00a0\u00bbaccordianList\u00a0\u00bb][vc_column width=\u00a0\u00bb1\/1\u2033][vc_column_text] Vous devez \u00eatre un patient de la clinique dirig\u00e9e par du personnel infirmier praticien de North Bay pour voir un infirmier praticien. [\/vc_column_text][vc_accordion active_tab=\u00a0\u00bbfalse\u00a0\u00bb collapsible=\u00a0\u00bbyes\u00a0\u00bb][vc_accordion_tab title=\u00a0\u00bbJ\u2019ai postul\u00e9, et maintenant?\u00a0\u00bb][vc_column_text]Une fois votre application re\u00e7ue, vous resterez dans notre syst\u00e8me de donn\u00e9es jusqu\u2019\u00e0 ce que la clinique soit en mesure de vous inscrire comme patient. Nous acceptons \u00e9galement les renvois d\u2019autres agences et fournisseurs de soins de sant\u00e9. Le crit\u00e8re principal est que les patients ne doivent pas avoir de m\u00e9decin de famille ou d\u2019infirmi\u00e8re praticienne lorsqu\u2019ils pr\u00e9sentent leur candidature. Si vos soins font partie du \u2018domaine d\u2019activit\u00e9\u2019 d\u2019une infirmi\u00e8re praticienne, vous avez le droit d\u2019\u00eatre un patient \u00e0 la clinique.\u00a0 L\u2019infirmi\u00e8re praticienne devient alors votre principal fournisseur de soins de sant\u00e9. Nous avons souvent tent\u00e9 de contacter des patients, mais ceux-ci ont d\u00e9m\u00e9nag\u00e9, chang\u00e9 leurs coordonn\u00e9es ou ne n\u00e9cessitent plus de soins. Veuillez nous informer si votre situation change. Veuillez noter, que notre syst\u00e8me de donn\u00e9es n\u2019est pas surveill\u00e9e.[\/vc_column_text][\/vc_accordion_tab][vc_accordion_tab title=\u00a0\u00bbSi je fais une demande, suis-je aussi inscrit au Programme Acc\u00e8s Soins?\u00a0\u00bb][vc_column_text]Non. Vous faites seulement la demande pour \u00eatre patient \u00e0 notre [&hellip;]","og_url":"https:\/\/www.nbnplc.com\/fr\/faire-une-demande\/","og_site_name":"North Bay Nurse Practitioner Clinic","article_publisher":"https:\/\/www.facebook.com\/North-Bay-Nurse-Practitioner-Led-Clinic-150265282048538\/","article_modified_time":"2025-01-13T14:21:29+00:00","twitter_card":"summary_large_image","twitter_site":"@NorthBayNPLC","twitter_misc":{"Dur\u00e9e de lecture estim\u00e9e":"2 minutes"},"schema":{"@context":"https:\/\/schema.org","@graph":[{"@type":"WebPage","@id":"https:\/\/www.nbnplc.com\/fr\/faire-une-demande\/","url":"https:\/\/www.nbnplc.com\/fr\/faire-une-demande\/","name":"Faire une demande - North Bay Nurse Practitioner Clinic","isPartOf":{"@id":"https:\/\/www.nbnplc.com\/#website"},"datePublished":"2016-05-10T14:20:28+00:00","dateModified":"2025-01-13T14:21:29+00:00","breadcrumb":{"@id":"https:\/\/www.nbnplc.com\/fr\/faire-une-demande\/#breadcrumb"},"inLanguage":"fr-FR","potentialAction":[{"@type":"ReadAction","target":["https:\/\/www.nbnplc.com\/fr\/faire-une-demande\/"]}]},{"@type":"BreadcrumbList","@id":"https:\/\/www.nbnplc.com\/fr\/faire-une-demande\/#breadcrumb","itemListElement":[{"@type":"ListItem","position":1,"name":"Home","item":"https:\/\/www.nbnplc.com\/fr\/"},{"@type":"ListItem","position":2,"name":"Faire une demande"}]},{"@type":"WebSite","@id":"https:\/\/www.nbnplc.com\/#website","url":"https:\/\/www.nbnplc.com\/","name":"North Bay Nurse Practitioner Clinic","description":"","potentialAction":[{"@type":"SearchAction","target":{"@type":"EntryPoint","urlTemplate":"https:\/\/www.nbnplc.com\/?s={search_term_string}"},"query-input":{"@type":"PropertyValueSpecification","valueRequired":true,"valueName":"search_term_string"}}],"inLanguage":"fr-FR"}]}},"_links":{"self":[{"href":"https:\/\/www.nbnplc.com\/fr\/wp-json\/wp\/v2\/pages\/361","targetHints":{"allow":["GET"]}}],"collection":[{"href":"https:\/\/www.nbnplc.com\/fr\/wp-json\/wp\/v2\/pages"}],"about":[{"href":"https:\/\/www.nbnplc.com\/fr\/wp-json\/wp\/v2\/types\/page"}],"author":[{"embeddable":true,"href":"https:\/\/www.nbnplc.com\/fr\/wp-json\/wp\/v2\/users\/8"}],"replies":[{"embeddable":true,"href":"https:\/\/www.nbnplc.com\/fr\/wp-json\/wp\/v2\/comments?post=361"}],"version-history":[{"count":23,"href":"https:\/\/www.nbnplc.com\/fr\/wp-json\/wp\/v2\/pages\/361\/revisions"}],"predecessor-version":[{"id":1802,"href":"https:\/\/www.nbnplc.com\/fr\/wp-json\/wp\/v2\/pages\/361\/revisions\/1802"}],"wp:attachment":[{"href":"https:\/\/www.nbnplc.com\/fr\/wp-json\/wp\/v2\/media?parent=361"}],"curies":[{"name":"wp","href":"https:\/\/api.w.org\/{rel}","templated":true}]}}