{"id":1792,"date":"2024-12-17T12:15:23","date_gmt":"2024-12-17T16:15:23","guid":{"rendered":"https:\/\/www.nbnplc.com\/?page_id=1792"},"modified":"2024-12-17T12:19:18","modified_gmt":"2024-12-17T16:19:18","slug":"zone-de-chalandise","status":"publish","type":"page","link":"https:\/\/www.nbnplc.com\/fr\/zone-de-chalandise\/","title":{"rendered":"Zone de chalandise"},"content":{"rendered":"<div class=\"wpb-content-wrapper\"><p>[vc_row content_placement=\u00a0\u00bbmiddle\u00a0\u00bb type=\u00a0\u00bbfull_width_section\u00a0\u00bb bg_image=\u00a0\u00bb471\u2033 text_color=\u00a0\u00bblight\u00a0\u00bb top_padding=\u00a0\u00bb70\u2033 bottom_padding=\u00a0\u00bb70\u2033 class=\u00a0\u00bbgreenBar rowBottomMargin marginFix green-bg\u00a0\u00bb bg_type=\u00a0\u00bbimage\u00a0\u00bb enable_overlay=\u00a0\u00bbenable_overlay_value\u00a0\u00bb overlay_color=\u00a0\u00bbrgba(88,166,24,0.7)\u00a0\u00bb][vc_column width=\u00a0\u00bb1\/1\u2033][vc_column_text]<\/p>\n<h1 style=\"text-align: center;\">Zone de chalandise<\/h1>\n<p>[\/vc_column_text][\/vc_column][\/vc_row][vc_row top_padding=\u00a0\u00bb20\u2033 bottom_padding=\u00a0\u00bb20\u2033][vc_column width=\u00a0\u00bb1\/2\u2033][vc_column_text]Ces villes\/villages sont dans notre zone de chalandise:<\/p>\n<ul>\n<li>North Bay<\/li>\n<li>Corbeil<\/li>\n<li>Bonfield<\/li>\n<li>Astorville<\/li>\n<li>Callander<\/li>\n<li>Redbridge<\/li>\n<li>Rutherglen<\/li>\n<li>Tilden Lake<\/li>\n<\/ul>\n<p>[\/vc_column_text][\/vc_column][vc_column width=\u00a0\u00bb1\/2\u2033][vc_column_text]Ces villes constituent notre zone de chalandise \u00e9tendue:<\/p>\n<ul>\n<li>Verner (Postulez pour l\u2019\u00e9quipe de sant\u00e9 familiale du centre de sant\u00e9 communautaire de Sturgeon et de Nipissing Ouest)<\/li>\n<li>Sturgeon Falls (Postulez pour l\u2019\u00e9quipe de sant\u00e9 familiale du centre de sant\u00e9 communautaire de Sturgeon et de Nipissing Ouest)<\/li>\n<li>Cache Bay (Postulez pour l\u2019\u00e9quipe de sant\u00e9 familiale du centre de sant\u00e9 communautaire de Sturgeon et de Nipissing Ouest)<\/li>\n<li>Powassan (Postulez \u00e9galement pour l\u2019\u00e9quipe de sant\u00e9 familiale de Powassan et de la r\u00e9gion)<\/li>\n<li>Trout Creek (Postulez \u00e9galement pour l\u2019\u00e9quipe de sant\u00e9 familiale de Powassan et de la r\u00e9gion)<\/li>\n<li>Mattawa<\/li>\n<\/ul>\n<p>[\/vc_column_text][\/vc_column][\/vc_row]<\/p>\n<\/div>","protected":false},"excerpt":{"rendered":"<p>[vc_row content_placement=\u00a0\u00bbmiddle\u00a0\u00bb type=\u00a0\u00bbfull_width_section\u00a0\u00bb bg_image=\u00a0\u00bb471\u2033 text_color=\u00a0\u00bblight\u00a0\u00bb top_padding=\u00a0\u00bb70\u2033 bottom_padding=\u00a0\u00bb70\u2033 class=\u00a0\u00bbgreenBar rowBottomMargin marginFix green-bg\u00a0\u00bb bg_type=\u00a0\u00bbimage\u00a0\u00bb enable_overlay=\u00a0\u00bbenable_overlay_value\u00a0\u00bb overlay_color=\u00a0\u00bbrgba(88,166,24,0.7)\u00a0\u00bb][vc_column width=\u00a0\u00bb1\/1\u2033][vc_column_text] Zone de chalandise [\/vc_column_text][\/vc_column][\/vc_row][vc_row top_padding=\u00a0\u00bb20\u2033 bottom_padding=\u00a0\u00bb20\u2033][vc_column width=\u00a0\u00bb1\/2\u2033][vc_column_text]Ces villes\/villages sont dans notre zone de chalandise: North Bay Corbeil Bonfield Astorville Callander Redbridge Rutherglen Tilden Lake [\/vc_column_text][\/vc_column][vc_column width=\u00a0\u00bb1\/2\u2033][vc_column_text]Ces villes constituent notre zone de chalandise \u00e9tendue: Verner (Postulez pour l\u2019\u00e9quipe de sant\u00e9 familiale du centre de sant\u00e9 communautaire de Sturgeon et de Nipissing Ouest) Sturgeon Falls (Postulez pour l\u2019\u00e9quipe de sant\u00e9 familiale du centre de sant\u00e9 communautaire de Sturgeon et de Nipissing Ouest) Cache Bay (Postulez pour l\u2019\u00e9quipe de sant\u00e9 familiale du centre de sant\u00e9 communautaire de Sturgeon et de Nipissing Ouest) Powassan (Postulez \u00e9galement pour l\u2019\u00e9quipe de sant\u00e9 familiale de Powassan et de la r\u00e9gion) Trout Creek (Postulez \u00e9galement pour l\u2019\u00e9quipe de sant\u00e9 familiale de Powassan et de la r\u00e9gion) Mattawa [\/vc_column_text][\/vc_column][\/vc_row]<\/p>\n","protected":false},"author":9,"featured_media":0,"parent":0,"menu_order":0,"comment_status":"closed","ping_status":"closed","template":"","meta":{"_acf_changed":false,"_bbp_topic_count":0,"_bbp_reply_count":0,"_bbp_total_topic_count":0,"_bbp_total_reply_count":0,"_bbp_voice_count":0,"_bbp_anonymous_reply_count":0,"_bbp_topic_count_hidden":0,"_bbp_reply_count_hidden":0,"_bbp_forum_subforum_count":0,"footnotes":""},"class_list":["post-1792","page","type-page","status-publish","hentry"],"acf":[],"yoast_head":"<!-- This site is optimized with the Yoast SEO plugin v27.3 - https:\/\/yoast.com\/product\/yoast-seo-wordpress\/ -->\n<title>Zone de chalandise - North Bay Nurse Practitioner Clinic<\/title>\n<meta name=\"robots\" content=\"index, follow, max-snippet:-1, max-image-preview:large, max-video-preview:-1\" \/>\n<link rel=\"canonical\" href=\"https:\/\/www.nbnplc.com\/fr\/zone-de-chalandise\/\" \/>\n<meta property=\"og:locale\" content=\"fr_FR\" \/>\n<meta property=\"og:type\" content=\"article\" \/>\n<meta property=\"og:title\" content=\"Zone de chalandise - North Bay Nurse Practitioner Clinic\" \/>\n<meta property=\"og:description\" content=\"[vc_row content_placement=\u00a0\u00bbmiddle\u00a0\u00bb type=\u00a0\u00bbfull_width_section\u00a0\u00bb bg_image=\u00a0\u00bb471\u2033 text_color=\u00a0\u00bblight\u00a0\u00bb top_padding=\u00a0\u00bb70\u2033 bottom_padding=\u00a0\u00bb70\u2033 class=\u00a0\u00bbgreenBar rowBottomMargin marginFix green-bg\u00a0\u00bb bg_type=\u00a0\u00bbimage\u00a0\u00bb enable_overlay=\u00a0\u00bbenable_overlay_value\u00a0\u00bb overlay_color=\u00a0\u00bbrgba(88,166,24,0.7)\u00a0\u00bb][vc_column width=\u00a0\u00bb1\/1\u2033][vc_column_text] Zone de chalandise [\/vc_column_text][\/vc_column][\/vc_row][vc_row top_padding=\u00a0\u00bb20\u2033 bottom_padding=\u00a0\u00bb20\u2033][vc_column width=\u00a0\u00bb1\/2\u2033][vc_column_text]Ces villes\/villages sont dans notre zone de chalandise: North Bay Corbeil Bonfield Astorville Callander Redbridge Rutherglen Tilden Lake [\/vc_column_text][\/vc_column][vc_column width=\u00a0\u00bb1\/2\u2033][vc_column_text]Ces villes constituent notre zone de chalandise \u00e9tendue: Verner (Postulez pour l\u2019\u00e9quipe de sant\u00e9 familiale du centre de sant\u00e9 communautaire de Sturgeon et de Nipissing Ouest) Sturgeon Falls (Postulez pour l\u2019\u00e9quipe de sant\u00e9 familiale du centre de sant\u00e9 communautaire de Sturgeon et de Nipissing Ouest) Cache Bay (Postulez pour l\u2019\u00e9quipe de sant\u00e9 familiale du centre de sant\u00e9 communautaire de Sturgeon et de Nipissing Ouest) Powassan (Postulez \u00e9galement pour l\u2019\u00e9quipe de sant\u00e9 familiale de Powassan et de la r\u00e9gion) Trout Creek (Postulez \u00e9galement pour l\u2019\u00e9quipe de sant\u00e9 familiale de Powassan et de la r\u00e9gion) Mattawa [\/vc_column_text][\/vc_column][\/vc_row]\" \/>\n<meta property=\"og:url\" content=\"https:\/\/www.nbnplc.com\/fr\/zone-de-chalandise\/\" \/>\n<meta property=\"og:site_name\" content=\"North Bay Nurse Practitioner Clinic\" \/>\n<meta property=\"article:publisher\" content=\"https:\/\/www.facebook.com\/North-Bay-Nurse-Practitioner-Led-Clinic-150265282048538\/\" \/>\n<meta property=\"article:modified_time\" content=\"2024-12-17T16:19:18+00:00\" \/>\n<meta name=\"twitter:card\" content=\"summary_large_image\" \/>\n<meta name=\"twitter:site\" content=\"@NorthBayNPLC\" \/>\n<meta name=\"twitter:label1\" content=\"Dur\u00e9e de lecture estim\u00e9e\" \/>\n\t<meta name=\"twitter:data1\" content=\"1 minute\" \/>\n<script type=\"application\/ld+json\" class=\"yoast-schema-graph\">{\"@context\":\"https:\\\/\\\/schema.org\",\"@graph\":[{\"@type\":\"WebPage\",\"@id\":\"https:\\\/\\\/www.nbnplc.com\\\/fr\\\/zone-de-chalandise\\\/\",\"url\":\"https:\\\/\\\/www.nbnplc.com\\\/fr\\\/zone-de-chalandise\\\/\",\"name\":\"Zone de chalandise - North Bay Nurse Practitioner Clinic\",\"isPartOf\":{\"@id\":\"https:\\\/\\\/www.nbnplc.com\\\/#website\"},\"datePublished\":\"2024-12-17T16:15:23+00:00\",\"dateModified\":\"2024-12-17T16:19:18+00:00\",\"breadcrumb\":{\"@id\":\"https:\\\/\\\/www.nbnplc.com\\\/fr\\\/zone-de-chalandise\\\/#breadcrumb\"},\"inLanguage\":\"fr-FR\",\"potentialAction\":[{\"@type\":\"ReadAction\",\"target\":[\"https:\\\/\\\/www.nbnplc.com\\\/fr\\\/zone-de-chalandise\\\/\"]}]},{\"@type\":\"BreadcrumbList\",\"@id\":\"https:\\\/\\\/www.nbnplc.com\\\/fr\\\/zone-de-chalandise\\\/#breadcrumb\",\"itemListElement\":[{\"@type\":\"ListItem\",\"position\":1,\"name\":\"Home\",\"item\":\"https:\\\/\\\/www.nbnplc.com\\\/fr\\\/\"},{\"@type\":\"ListItem\",\"position\":2,\"name\":\"Zone de chalandise\"}]},{\"@type\":\"WebSite\",\"@id\":\"https:\\\/\\\/www.nbnplc.com\\\/#website\",\"url\":\"https:\\\/\\\/www.nbnplc.com\\\/\",\"name\":\"North Bay Nurse Practitioner Clinic\",\"description\":\"\",\"potentialAction\":[{\"@type\":\"SearchAction\",\"target\":{\"@type\":\"EntryPoint\",\"urlTemplate\":\"https:\\\/\\\/www.nbnplc.com\\\/?s={search_term_string}\"},\"query-input\":{\"@type\":\"PropertyValueSpecification\",\"valueRequired\":true,\"valueName\":\"search_term_string\"}}],\"inLanguage\":\"fr-FR\"}]}<\/script>\n<!-- \/ Yoast SEO plugin. -->","yoast_head_json":{"title":"Zone de chalandise - North Bay Nurse Practitioner Clinic","robots":{"index":"index","follow":"follow","max-snippet":"max-snippet:-1","max-image-preview":"max-image-preview:large","max-video-preview":"max-video-preview:-1"},"canonical":"https:\/\/www.nbnplc.com\/fr\/zone-de-chalandise\/","og_locale":"fr_FR","og_type":"article","og_title":"Zone de chalandise - North Bay Nurse Practitioner Clinic","og_description":"[vc_row content_placement=\u00a0\u00bbmiddle\u00a0\u00bb type=\u00a0\u00bbfull_width_section\u00a0\u00bb bg_image=\u00a0\u00bb471\u2033 text_color=\u00a0\u00bblight\u00a0\u00bb top_padding=\u00a0\u00bb70\u2033 bottom_padding=\u00a0\u00bb70\u2033 class=\u00a0\u00bbgreenBar rowBottomMargin marginFix green-bg\u00a0\u00bb bg_type=\u00a0\u00bbimage\u00a0\u00bb enable_overlay=\u00a0\u00bbenable_overlay_value\u00a0\u00bb overlay_color=\u00a0\u00bbrgba(88,166,24,0.7)\u00a0\u00bb][vc_column width=\u00a0\u00bb1\/1\u2033][vc_column_text] Zone de chalandise [\/vc_column_text][\/vc_column][\/vc_row][vc_row top_padding=\u00a0\u00bb20\u2033 bottom_padding=\u00a0\u00bb20\u2033][vc_column width=\u00a0\u00bb1\/2\u2033][vc_column_text]Ces villes\/villages sont dans notre zone de chalandise: North Bay Corbeil Bonfield Astorville Callander Redbridge Rutherglen Tilden Lake [\/vc_column_text][\/vc_column][vc_column width=\u00a0\u00bb1\/2\u2033][vc_column_text]Ces villes constituent notre zone de chalandise \u00e9tendue: Verner (Postulez pour l\u2019\u00e9quipe de sant\u00e9 familiale du centre de sant\u00e9 communautaire de Sturgeon et de Nipissing Ouest) Sturgeon Falls (Postulez pour l\u2019\u00e9quipe de sant\u00e9 familiale du centre de sant\u00e9 communautaire de Sturgeon et de Nipissing Ouest) Cache Bay (Postulez pour l\u2019\u00e9quipe de sant\u00e9 familiale du centre de sant\u00e9 communautaire de Sturgeon et de Nipissing Ouest) Powassan (Postulez \u00e9galement pour l\u2019\u00e9quipe de sant\u00e9 familiale de Powassan et de la r\u00e9gion) Trout Creek (Postulez \u00e9galement pour l\u2019\u00e9quipe de sant\u00e9 familiale de Powassan et de la r\u00e9gion) Mattawa [\/vc_column_text][\/vc_column][\/vc_row]","og_url":"https:\/\/www.nbnplc.com\/fr\/zone-de-chalandise\/","og_site_name":"North Bay Nurse Practitioner Clinic","article_publisher":"https:\/\/www.facebook.com\/North-Bay-Nurse-Practitioner-Led-Clinic-150265282048538\/","article_modified_time":"2024-12-17T16:19:18+00:00","twitter_card":"summary_large_image","twitter_site":"@NorthBayNPLC","twitter_misc":{"Dur\u00e9e de lecture estim\u00e9e":"1 minute"},"schema":{"@context":"https:\/\/schema.org","@graph":[{"@type":"WebPage","@id":"https:\/\/www.nbnplc.com\/fr\/zone-de-chalandise\/","url":"https:\/\/www.nbnplc.com\/fr\/zone-de-chalandise\/","name":"Zone de chalandise - North Bay Nurse Practitioner Clinic","isPartOf":{"@id":"https:\/\/www.nbnplc.com\/#website"},"datePublished":"2024-12-17T16:15:23+00:00","dateModified":"2024-12-17T16:19:18+00:00","breadcrumb":{"@id":"https:\/\/www.nbnplc.com\/fr\/zone-de-chalandise\/#breadcrumb"},"inLanguage":"fr-FR","potentialAction":[{"@type":"ReadAction","target":["https:\/\/www.nbnplc.com\/fr\/zone-de-chalandise\/"]}]},{"@type":"BreadcrumbList","@id":"https:\/\/www.nbnplc.com\/fr\/zone-de-chalandise\/#breadcrumb","itemListElement":[{"@type":"ListItem","position":1,"name":"Home","item":"https:\/\/www.nbnplc.com\/fr\/"},{"@type":"ListItem","position":2,"name":"Zone de chalandise"}]},{"@type":"WebSite","@id":"https:\/\/www.nbnplc.com\/#website","url":"https:\/\/www.nbnplc.com\/","name":"North Bay Nurse Practitioner Clinic","description":"","potentialAction":[{"@type":"SearchAction","target":{"@type":"EntryPoint","urlTemplate":"https:\/\/www.nbnplc.com\/?s={search_term_string}"},"query-input":{"@type":"PropertyValueSpecification","valueRequired":true,"valueName":"search_term_string"}}],"inLanguage":"fr-FR"}]}},"_links":{"self":[{"href":"https:\/\/www.nbnplc.com\/fr\/wp-json\/wp\/v2\/pages\/1792","targetHints":{"allow":["GET"]}}],"collection":[{"href":"https:\/\/www.nbnplc.com\/fr\/wp-json\/wp\/v2\/pages"}],"about":[{"href":"https:\/\/www.nbnplc.com\/fr\/wp-json\/wp\/v2\/types\/page"}],"author":[{"embeddable":true,"href":"https:\/\/www.nbnplc.com\/fr\/wp-json\/wp\/v2\/users\/9"}],"replies":[{"embeddable":true,"href":"https:\/\/www.nbnplc.com\/fr\/wp-json\/wp\/v2\/comments?post=1792"}],"version-history":[{"count":3,"href":"https:\/\/www.nbnplc.com\/fr\/wp-json\/wp\/v2\/pages\/1792\/revisions"}],"predecessor-version":[{"id":1795,"href":"https:\/\/www.nbnplc.com\/fr\/wp-json\/wp\/v2\/pages\/1792\/revisions\/1795"}],"wp:attachment":[{"href":"https:\/\/www.nbnplc.com\/fr\/wp-json\/wp\/v2\/media?parent=1792"}],"curies":[{"name":"wp","href":"https:\/\/api.w.org\/{rel}","templated":true}]}}