{"id":1187,"date":"2019-03-21T16:46:39","date_gmt":"2019-03-21T20:46:39","guid":{"rendered":"https:\/\/www.nbnplc.com\/fr\/contactez-nous\/downtown-north-bay\/"},"modified":"2022-11-04T14:43:40","modified_gmt":"2022-11-04T18:43:40","slug":"centre-ville","status":"publish","type":"page","link":"https:\/\/www.nbnplc.com\/fr\/contactez-nous\/centre-ville\/","title":{"rendered":"Centre-Ville"},"content":{"rendered":"<div class=\"wpb-content-wrapper\"><p>[vc_row content_placement=\u00a0\u00bbmiddle\u00a0\u00bb type=\u00a0\u00bbfull_width_section\u00a0\u00bb bg_image=\u00a0\u00bb1108\u2033 text_color=\u00a0\u00bblight\u00a0\u00bb top_padding=\u00a0\u00bb70\u2033 bottom_padding=\u00a0\u00bb70\u2033 class=\u00a0\u00bbgreenBar rowBottomMargin-0 marginFix green-bg\u00a0\u00bb bg_type=\u00a0\u00bbimage\u00a0\u00bb enable_overlay=\u00a0\u00bbenable_overlay_value\u00a0\u00bb overlay_color=\u00a0\u00bbrgba(88,166,24,0.7)\u00a0\u00bb][vc_column width=\u00a0\u00bb1\/1\u2033][vc_column_text]<\/p>\n<h1 style=\"text-align: center;\">Contactez-Nous \u2013 Emplacement du Centre-ville<\/h1>\n<p>[\/vc_column_text][\/vc_column][\/vc_row][vc_row bg_color=\u00a0\u00bb#f9f9f9\u2033 text_align=\u00a0\u00bbcenter\u00a0\u00bb top_padding=\u00a0\u00bb40\u2033 bottom_padding=\u00a0\u00bb10\u2033][vc_column width=\u00a0\u00bb1\/1\u2033][vc_column_text]<\/p>\n<h2>Vous devez \u00eatre un patient de la CPNL de North Bay pour voir une Infirmi\u00e8re Praticienne.<\/h2>\n<p>Apprend \u00e0 postuler pour devenir patient de l\u2019une de nos cliniques :<\/p>\n<a href=\"https:\/\/www.nbnplc.com\/fr\/faire-une-demande\/\" target=\"_self\" class=\"button color-3 medium \" style=\"border-radius: 2px;\">COMMENT POSTULER<\/a>[\/vc_column_text][\/vc_column][\/vc_row][vc_row top_padding=\u00a0\u00bb40\u2033 bottom_padding=\u00a0\u00bb20\u2033][vc_column width=\u00a0\u00bb1\/3\u2033][vc_column_text]<\/p>\n<h2>Annuler un Rendez-Vous<\/h2>\n<p><span style=\"display: inline-block;\">Par courtoisie envers d\u2019autres patients, veuillez annuler votre rendez-vous 24 heures \u00e0 l\u2019avance. Vous pouvez annuler votre rendez-vous par t\u00e9l\u00e9phone au <strong>705-667-0035<\/strong>\u00a0ou contactez-nous \u00e0 propos de notre service de SMS.<\/span>[\/vc_column_text][vc_column_text el_class=\u00a0\u00bbAt this time we offer registered patients appointments\u00a0\u00bb]<\/p>\n<h2>Rendez-vous<\/h2>\n<p>Veuillez composer le <strong>705-667-0035<\/strong> pour prendre rendez-vous.[\/vc_column_text][\/vc_column][vc_column width=\u00a0\u00bb1\/3\u2033][vc_column_text]<\/p>\n<h2 class=\"p1\">Heures d\u2019ouverture<\/h2>\n<p><strong>Heures de bureau\/r\u00e9ceptionniste<\/strong><\/p>\n<table style=\"font-size: 16px;\">\n<tbody>\n<tr>\n<td>Lundi<\/td>\n<td>8h30 \u00e0 16h00<\/td>\n<\/tr>\n<tr>\n<td>Mardi<\/td>\n<td>8h30 \u00e0 16h00<\/td>\n<\/tr>\n<tr>\n<td style=\"padding-right: 5px;\">Mercredi<\/td>\n<td>8h30 \u00e0 16h00<\/td>\n<\/tr>\n<tr>\n<td>Jeudi<\/td>\n<td>8h30 \u00e0 16h00<\/td>\n<\/tr>\n<tr>\n<td>Vendredi<\/td>\n<td>8h00 \u00e0 15h30<\/td>\n<\/tr>\n<\/tbody>\n<\/table>\n<p style=\"margin-top: 20px; font-size: 14px; font-style: italic;\">Nous sommes ferm\u00e9s tous les jours pour<br \/>\nd\u00e9jeuner de 12h00 \u00e0 13h00<\/p>\n<p><strong>Heures du laboratoire<\/strong><\/p>\n<table style=\"font-size: 16px;\">\n<tbody>\n<tr>\n<td>Lundi<\/td>\n<td>8h00 \u00e0 15h00<\/td>\n<\/tr>\n<tr>\n<td>Mardi<\/td>\n<td>8h00 \u00e0 15h00<\/td>\n<\/tr>\n<tr>\n<td style=\"padding-right: 5px;\">Mercredi<\/td>\n<td>8h00 \u00e0 15h00<\/td>\n<\/tr>\n<tr>\n<td>Jeudi<\/td>\n<td>8h00 \u00e0 15h00<\/td>\n<\/tr>\n<tr>\n<td>Vendredi<\/td>\n<td>Services de laboratoire indisponibles<\/td>\n<\/tr>\n<\/tbody>\n<\/table>\n<p>[\/vc_column_text][\/vc_column][vc_column width=\u00a0\u00bb1\/3\u2033][vc_raw_html]JTNDaWZyYW1lJTIwc3JjJTNEJTIyaHR0cHMlM0ElMkYlMkZ3d3cuZ29vZ2xlLmNvbSUyRm1hcHMlMkZlbWJlZCUzRnBiJTNEJTIxMW0xNCUyMTFtOCUyMTFtMyUyMTFkNTUxMi4wODk5NzE4MDQ0NzYlMjEyZC03OS40NjM0NDA2NTcxNzc3NCUyMTNkNDYuMzA4OTQ0MDY1ODU1NDklMjEzbTIlMjExaTEwMjQlMjEyaTc2OCUyMTRmMTMuMSUyMTNtMyUyMTFtMiUyMTFzMHgwJTI1M0EweDkwNjQ3ZTVhYWMyMzMyZDUlMjEyc05vcnRoJTI1MjBCYXklMjUyME51cnNlJTI1MjBQcmFjdGl0aW9uZXItTGVkJTI1MjBDbGluaWMlMjUyMERvd250b3duJTIxNWUwJTIxM20yJTIxMXNlbiUyMTJzY2ElMjE0djE2Njc1ODcxOTM1NzYlMjE1bTIlMjExc2VuJTIxMnNjYSUyMiUyMHdpZHRoJTNEJTIyMTAwJTI1JTIyJTIwaGVpZ2h0JTNEJTIyNDUwJTIyJTIwc3R5bGUlM0QlMjJib3JkZXIlM0EwJTNCJTIyJTIwYWxsb3dmdWxsc2NyZWVuJTNEJTIyJTIyJTIwbG9hZGluZyUzRCUyMmxhenklMjIlMjByZWZlcnJlcnBvbGljeSUzRCUyMm5vLXJlZmVycmVyLXdoZW4tZG93bmdyYWRlJTIyJTNFJTNDJTJGaWZyYW1lJTNF[\/vc_raw_html][\/vc_column][\/vc_row][vc_row bottom_padding=\u00a0\u00bb40\u2033][vc_column width=\u00a0\u00bb1\/1\u2033]<div class=\"alert-message error\"><div><span style=\"font-size: 16px;\">En cas d\u2019urgence appelez le 911.<\/span><\/div><\/div>[\/vc_column][\/vc_row][vc_row bg_color=\u00a0\u00bb#f9f9f9\u2033 top_padding=\u00a0\u00bb40\u2033 bottom_padding=\u00a0\u00bb30\u2033][vc_column width=\u00a0\u00bb1\/3\u2033][vc_column_text]<\/p>\n<h2 class=\"p1\">Rendez-vous le jour m\u00eame<\/h2>\n<p>Nous avons plusieurs rendez-vous disponibles le m\u00eame jour tout au long de la semaine. S\u2019il vous pla\u00eet appelez le matin pour acc\u00e9der \u00e0 ces rendez-vous.[\/vc_column_text][\/vc_column][vc_column width=\u00a0\u00bb1\/3\u2033][vc_column_text]<strong>Les raisons appropri\u00e9es pour la prise d\u2019un rendez-vous le jour m\u00eame incluent :<\/strong><\/p>\n<ul>\n<li>les rhumes<\/li>\n<li>les maux de gorge<\/li>\n<li>les tests de grossesse<\/li>\n<li>les infections des voies urinaires<\/li>\n<li>la diarrh\u00e9e<\/li>\n<li>les \u00e9ruptions cutan\u00e9es<\/li>\n<li>la fi\u00e8vre<\/li>\n<\/ul>\n<p>[\/vc_column_text][\/vc_column][vc_column width=\u00a0\u00bb1\/3\u2033][vc_column_text]<strong>Les raisons non appropri\u00e9es incluent <\/strong><strong>:<\/strong><\/p>\n<ul>\n<li>remplir les formulaires<\/li>\n<li>le renouvellement de prescriptions<\/li>\n<li>la gestion de maladies chroniques (diab\u00e8te, asthme, hypertension)<\/li>\n<\/ul>\n<p>[\/vc_column_text][\/vc_column][\/vc_row][vc_row top_padding=\u00a0\u00bb30\u2033][vc_column width=\u00a0\u00bb1\/1\u2033][vc_column_text]<\/p>\n<p><a name=\"cancelappointment\"><\/a><\/p>\n<h3 class=\"p1\">Courriel<\/h3>\n<p class=\"p1\"><em>En raison de la nature incertaine de communications \u00e9lectroniques, nous ne souhaitons pas utiliser ce site Web comme moyen de communication au public ou aux patients (i) pour des questions ou des probl\u00e8mes de nature m\u00e9dicale; (ii) pour \u00e9tablir des liens de fournisseur de soins de sant\u00e9\/patient; (iii) pour prendre ou annuler des rendez-vous; ou (iv) pour des questions portant sur les honoraires, les services ou d\u2019autres sujets similaires. Les communications par courriel portant sur de tels sujets ne recevront pas de r\u00e9ponse et seront supprim\u00e9es sans \u00eatre lues. Si vous souhaitez communiquer avec nous concernant des questions ou des probl\u00e8mes m\u00e9dicaux ou concernant les rendez-vous ou toute autre question, veuillez le faire par t\u00e9l\u00e9phone, par t\u00e9l\u00e9copieur ou par la poste de la mani\u00e8re d\u00e9crite sur ce site Web. Merci<\/em><em style=\"font-size: 16px;\">.<\/em><span style=\"font-size: 16px;\">[\/vc_column_text][\/vc_column][\/vc_row][vc_row][vc_column][vc_column_text]<\/span><\/p>\n<p>[\/vc_column_text][\/vc_column][\/vc_row]<\/p>\n<\/div>","protected":false},"excerpt":{"rendered":"<p>[vc_row content_placement=\u00a0\u00bbmiddle\u00a0\u00bb type=\u00a0\u00bbfull_width_section\u00a0\u00bb bg_image=\u00a0\u00bb1108\u2033 text_color=\u00a0\u00bblight\u00a0\u00bb top_padding=\u00a0\u00bb70\u2033 bottom_padding=\u00a0\u00bb70\u2033 class=\u00a0\u00bbgreenBar rowBottomMargin-0 marginFix green-bg\u00a0\u00bb bg_type=\u00a0\u00bbimage\u00a0\u00bb enable_overlay=\u00a0\u00bbenable_overlay_value\u00a0\u00bb overlay_color=\u00a0\u00bbrgba(88,166,24,0.7)\u00a0\u00bb][vc_column width=\u00a0\u00bb1\/1\u2033][vc_column_text] Contactez-Nous \u2013 Emplacement du Centre-ville [\/vc_column_text][\/vc_column][\/vc_row][vc_row bg_color=\u00a0\u00bb#f9f9f9\u2033 text_align=\u00a0\u00bbcenter\u00a0\u00bb top_padding=\u00a0\u00bb40\u2033 bottom_padding=\u00a0\u00bb10\u2033][vc_column width=\u00a0\u00bb1\/1\u2033][vc_column_text] Vous devez \u00eatre un patient de la CPNL de North Bay pour voir une Infirmi\u00e8re Praticienne. Apprend \u00e0 postuler pour devenir patient de l\u2019une de nos cliniques : [\/vc_column_text][\/vc_column][\/vc_row][vc_row top_padding=\u00a0\u00bb40\u2033 bottom_padding=\u00a0\u00bb20\u2033][vc_column width=\u00a0\u00bb1\/3\u2033][vc_column_text] Annuler un Rendez-Vous Par courtoisie envers d\u2019autres patients, veuillez annuler votre rendez-vous 24 heures \u00e0 l\u2019avance. Vous pouvez annuler votre rendez-vous par t\u00e9l\u00e9phone au 705-667-0035\u00a0ou contactez-nous \u00e0 propos de notre service de SMS.[\/vc_column_text][vc_column_text el_class=\u00a0\u00bbAt this time we offer registered patients appointments\u00a0\u00bb] Rendez-vous Veuillez composer le 705-667-0035 pour prendre rendez-vous.[\/vc_column_text][\/vc_column][vc_column width=\u00a0\u00bb1\/3\u2033][vc_column_text] Heures d\u2019ouverture Heures de bureau\/r\u00e9ceptionniste Lundi 8h30 \u00e0 16h00 Mardi 8h30 \u00e0 16h00 Mercredi 8h30 \u00e0 16h00 Jeudi 8h30 \u00e0 16h00 Vendredi 8h00 \u00e0 15h30 Nous sommes ferm\u00e9s tous les jours pour d\u00e9jeuner de 12h00 \u00e0 13h00 Heures du laboratoire Lundi 8h00 \u00e0 15h00 Mardi 8h00 \u00e0 15h00 Mercredi 8h00 \u00e0 15h00 Jeudi 8h00 \u00e0 15h00 Vendredi Services de laboratoire indisponibles [\/vc_column_text][\/vc_column][vc_column width=\u00a0\u00bb1\/3\u2033][vc_raw_html]JTNDaWZyYW1lJTIwc3JjJTNEJTIyaHR0cHMlM0ElMkYlMkZ3d3cuZ29vZ2xlLmNvbSUyRm1hcHMlMkZlbWJlZCUzRnBiJTNEJTIxMW0xNCUyMTFtOCUyMTFtMyUyMTFkNTUxMi4wODk5NzE4MDQ0NzYlMjEyZC03OS40NjM0NDA2NTcxNzc3NCUyMTNkNDYuMzA4OTQ0MDY1ODU1NDklMjEzbTIlMjExaTEwMjQlMjEyaTc2OCUyMTRmMTMuMSUyMTNtMyUyMTFtMiUyMTFzMHgwJTI1M0EweDkwNjQ3ZTVhYWMyMzMyZDUlMjEyc05vcnRoJTI1MjBCYXklMjUyME51cnNlJTI1MjBQcmFjdGl0aW9uZXItTGVkJTI1MjBDbGluaWMlMjUyMERvd250b3duJTIxNWUwJTIxM20yJTIxMXNlbiUyMTJzY2ElMjE0djE2Njc1ODcxOTM1NzYlMjE1bTIlMjExc2VuJTIxMnNjYSUyMiUyMHdpZHRoJTNEJTIyMTAwJTI1JTIyJTIwaGVpZ2h0JTNEJTIyNDUwJTIyJTIwc3R5bGUlM0QlMjJib3JkZXIlM0EwJTNCJTIyJTIwYWxsb3dmdWxsc2NyZWVuJTNEJTIyJTIyJTIwbG9hZGluZyUzRCUyMmxhenklMjIlMjByZWZlcnJlcnBvbGljeSUzRCUyMm5vLXJlZmVycmVyLXdoZW4tZG93bmdyYWRlJTIyJTNFJTNDJTJGaWZyYW1lJTNF[\/vc_raw_html][\/vc_column][\/vc_row][vc_row bottom_padding=\u00a0\u00bb40\u2033][vc_column width=\u00a0\u00bb1\/1\u2033][\/vc_column][\/vc_row][vc_row bg_color=\u00a0\u00bb#f9f9f9\u2033 top_padding=\u00a0\u00bb40\u2033 bottom_padding=\u00a0\u00bb30\u2033][vc_column width=\u00a0\u00bb1\/3\u2033][vc_column_text] Rendez-vous le jour m\u00eame Nous avons plusieurs rendez-vous disponibles le m\u00eame jour tout au long de la semaine. S\u2019il vous pla\u00eet appelez le [&hellip;]<\/p>\n","protected":false},"author":8,"featured_media":0,"parent":354,"menu_order":0,"comment_status":"closed","ping_status":"closed","template":"","meta":{"_acf_changed":false,"_bbp_topic_count":0,"_bbp_reply_count":0,"_bbp_total_topic_count":0,"_bbp_total_reply_count":0,"_bbp_voice_count":0,"_bbp_anonymous_reply_count":0,"_bbp_topic_count_hidden":0,"_bbp_reply_count_hidden":0,"_bbp_forum_subforum_count":0,"footnotes":""},"class_list":["post-1187","page","type-page","status-publish","hentry"],"acf":[],"yoast_head":"<!-- This site is optimized with the Yoast SEO plugin v27.3 - https:\/\/yoast.com\/product\/yoast-seo-wordpress\/ -->\n<title>Centre-Ville - North Bay Nurse Practitioner Clinic<\/title>\n<meta name=\"robots\" content=\"index, follow, max-snippet:-1, max-image-preview:large, max-video-preview:-1\" \/>\n<link rel=\"canonical\" href=\"https:\/\/www.nbnplc.com\/fr\/contactez-nous\/centre-ville\/\" \/>\n<meta property=\"og:locale\" content=\"fr_FR\" \/>\n<meta property=\"og:type\" content=\"article\" \/>\n<meta property=\"og:title\" content=\"Centre-Ville - North Bay Nurse Practitioner Clinic\" \/>\n<meta property=\"og:description\" content=\"[vc_row content_placement=\u00a0\u00bbmiddle\u00a0\u00bb type=\u00a0\u00bbfull_width_section\u00a0\u00bb bg_image=\u00a0\u00bb1108\u2033 text_color=\u00a0\u00bblight\u00a0\u00bb top_padding=\u00a0\u00bb70\u2033 bottom_padding=\u00a0\u00bb70\u2033 class=\u00a0\u00bbgreenBar rowBottomMargin-0 marginFix green-bg\u00a0\u00bb bg_type=\u00a0\u00bbimage\u00a0\u00bb enable_overlay=\u00a0\u00bbenable_overlay_value\u00a0\u00bb overlay_color=\u00a0\u00bbrgba(88,166,24,0.7)\u00a0\u00bb][vc_column width=\u00a0\u00bb1\/1\u2033][vc_column_text] Contactez-Nous \u2013 Emplacement du Centre-ville [\/vc_column_text][\/vc_column][\/vc_row][vc_row bg_color=\u00a0\u00bb#f9f9f9\u2033 text_align=\u00a0\u00bbcenter\u00a0\u00bb top_padding=\u00a0\u00bb40\u2033 bottom_padding=\u00a0\u00bb10\u2033][vc_column width=\u00a0\u00bb1\/1\u2033][vc_column_text] Vous devez \u00eatre un patient de la CPNL de North Bay pour voir une Infirmi\u00e8re Praticienne. Apprend \u00e0 postuler pour devenir patient de l\u2019une de nos cliniques : [\/vc_column_text][\/vc_column][\/vc_row][vc_row top_padding=\u00a0\u00bb40\u2033 bottom_padding=\u00a0\u00bb20\u2033][vc_column width=\u00a0\u00bb1\/3\u2033][vc_column_text] Annuler un Rendez-Vous Par courtoisie envers d\u2019autres patients, veuillez annuler votre rendez-vous 24 heures \u00e0 l\u2019avance. Vous pouvez annuler votre rendez-vous par t\u00e9l\u00e9phone au 705-667-0035\u00a0ou contactez-nous \u00e0 propos de notre service de SMS.[\/vc_column_text][vc_column_text el_class=\u00a0\u00bbAt this time we offer registered patients appointments\u00a0\u00bb] Rendez-vous Veuillez composer le 705-667-0035 pour prendre rendez-vous.[\/vc_column_text][\/vc_column][vc_column width=\u00a0\u00bb1\/3\u2033][vc_column_text] Heures d\u2019ouverture Heures de bureau\/r\u00e9ceptionniste Lundi 8h30 \u00e0 16h00 Mardi 8h30 \u00e0 16h00 Mercredi 8h30 \u00e0 16h00 Jeudi 8h30 \u00e0 16h00 Vendredi 8h00 \u00e0 15h30 Nous sommes ferm\u00e9s tous les jours pour d\u00e9jeuner de 12h00 \u00e0 13h00 Heures du laboratoire Lundi 8h00 \u00e0 15h00 Mardi 8h00 \u00e0 15h00 Mercredi 8h00 \u00e0 15h00 Jeudi 8h00 \u00e0 15h00 Vendredi Services de laboratoire indisponibles [\/vc_column_text][\/vc_column][vc_column width=\u00a0\u00bb1\/3\u2033][vc_raw_html]JTNDaWZyYW1lJTIwc3JjJTNEJTIyaHR0cHMlM0ElMkYlMkZ3d3cuZ29vZ2xlLmNvbSUyRm1hcHMlMkZlbWJlZCUzRnBiJTNEJTIxMW0xNCUyMTFtOCUyMTFtMyUyMTFkNTUxMi4wODk5NzE4MDQ0NzYlMjEyZC03OS40NjM0NDA2NTcxNzc3NCUyMTNkNDYuMzA4OTQ0MDY1ODU1NDklMjEzbTIlMjExaTEwMjQlMjEyaTc2OCUyMTRmMTMuMSUyMTNtMyUyMTFtMiUyMTFzMHgwJTI1M0EweDkwNjQ3ZTVhYWMyMzMyZDUlMjEyc05vcnRoJTI1MjBCYXklMjUyME51cnNlJTI1MjBQcmFjdGl0aW9uZXItTGVkJTI1MjBDbGluaWMlMjUyMERvd250b3duJTIxNWUwJTIxM20yJTIxMXNlbiUyMTJzY2ElMjE0djE2Njc1ODcxOTM1NzYlMjE1bTIlMjExc2VuJTIxMnNjYSUyMiUyMHdpZHRoJTNEJTIyMTAwJTI1JTIyJTIwaGVpZ2h0JTNEJTIyNDUwJTIyJTIwc3R5bGUlM0QlMjJib3JkZXIlM0EwJTNCJTIyJTIwYWxsb3dmdWxsc2NyZWVuJTNEJTIyJTIyJTIwbG9hZGluZyUzRCUyMmxhenklMjIlMjByZWZlcnJlcnBvbGljeSUzRCUyMm5vLXJlZmVycmVyLXdoZW4tZG93bmdyYWRlJTIyJTNFJTNDJTJGaWZyYW1lJTNF[\/vc_raw_html][\/vc_column][\/vc_row][vc_row bottom_padding=\u00a0\u00bb40\u2033][vc_column width=\u00a0\u00bb1\/1\u2033][\/vc_column][\/vc_row][vc_row bg_color=\u00a0\u00bb#f9f9f9\u2033 top_padding=\u00a0\u00bb40\u2033 bottom_padding=\u00a0\u00bb30\u2033][vc_column width=\u00a0\u00bb1\/3\u2033][vc_column_text] Rendez-vous le jour m\u00eame Nous avons plusieurs rendez-vous disponibles le m\u00eame jour tout au long de la semaine. S\u2019il vous pla\u00eet appelez le [&hellip;]\" \/>\n<meta property=\"og:url\" content=\"https:\/\/www.nbnplc.com\/fr\/contactez-nous\/centre-ville\/\" \/>\n<meta property=\"og:site_name\" content=\"North Bay Nurse Practitioner Clinic\" \/>\n<meta property=\"article:publisher\" content=\"https:\/\/www.facebook.com\/North-Bay-Nurse-Practitioner-Led-Clinic-150265282048538\/\" \/>\n<meta property=\"article:modified_time\" content=\"2022-11-04T18:43:40+00:00\" \/>\n<meta name=\"twitter:card\" content=\"summary_large_image\" \/>\n<meta name=\"twitter:site\" content=\"@NorthBayNPLC\" \/>\n<meta name=\"twitter:label1\" content=\"Dur\u00e9e de lecture estim\u00e9e\" \/>\n\t<meta name=\"twitter:data1\" content=\"2 minutes\" \/>\n<script type=\"application\/ld+json\" class=\"yoast-schema-graph\">{\"@context\":\"https:\\\/\\\/schema.org\",\"@graph\":[{\"@type\":\"WebPage\",\"@id\":\"https:\\\/\\\/www.nbnplc.com\\\/fr\\\/contactez-nous\\\/centre-ville\\\/\",\"url\":\"https:\\\/\\\/www.nbnplc.com\\\/fr\\\/contactez-nous\\\/centre-ville\\\/\",\"name\":\"Centre-Ville - North Bay Nurse Practitioner Clinic\",\"isPartOf\":{\"@id\":\"https:\\\/\\\/www.nbnplc.com\\\/#website\"},\"datePublished\":\"2019-03-21T20:46:39+00:00\",\"dateModified\":\"2022-11-04T18:43:40+00:00\",\"breadcrumb\":{\"@id\":\"https:\\\/\\\/www.nbnplc.com\\\/fr\\\/contactez-nous\\\/centre-ville\\\/#breadcrumb\"},\"inLanguage\":\"fr-FR\",\"potentialAction\":[{\"@type\":\"ReadAction\",\"target\":[\"https:\\\/\\\/www.nbnplc.com\\\/fr\\\/contactez-nous\\\/centre-ville\\\/\"]}]},{\"@type\":\"BreadcrumbList\",\"@id\":\"https:\\\/\\\/www.nbnplc.com\\\/fr\\\/contactez-nous\\\/centre-ville\\\/#breadcrumb\",\"itemListElement\":[{\"@type\":\"ListItem\",\"position\":1,\"name\":\"Home\",\"item\":\"https:\\\/\\\/www.nbnplc.com\\\/fr\\\/\"},{\"@type\":\"ListItem\",\"position\":2,\"name\":\"Contactez-nous\",\"item\":\"https:\\\/\\\/www.nbnplc.com\\\/fr\\\/contactez-nous\\\/\"},{\"@type\":\"ListItem\",\"position\":3,\"name\":\"Centre-Ville\"}]},{\"@type\":\"WebSite\",\"@id\":\"https:\\\/\\\/www.nbnplc.com\\\/#website\",\"url\":\"https:\\\/\\\/www.nbnplc.com\\\/\",\"name\":\"North Bay Nurse Practitioner Clinic\",\"description\":\"\",\"potentialAction\":[{\"@type\":\"SearchAction\",\"target\":{\"@type\":\"EntryPoint\",\"urlTemplate\":\"https:\\\/\\\/www.nbnplc.com\\\/?s={search_term_string}\"},\"query-input\":{\"@type\":\"PropertyValueSpecification\",\"valueRequired\":true,\"valueName\":\"search_term_string\"}}],\"inLanguage\":\"fr-FR\"}]}<\/script>\n<!-- \/ Yoast SEO plugin. -->","yoast_head_json":{"title":"Centre-Ville - North Bay Nurse Practitioner Clinic","robots":{"index":"index","follow":"follow","max-snippet":"max-snippet:-1","max-image-preview":"max-image-preview:large","max-video-preview":"max-video-preview:-1"},"canonical":"https:\/\/www.nbnplc.com\/fr\/contactez-nous\/centre-ville\/","og_locale":"fr_FR","og_type":"article","og_title":"Centre-Ville - North Bay Nurse Practitioner Clinic","og_description":"[vc_row content_placement=\u00a0\u00bbmiddle\u00a0\u00bb type=\u00a0\u00bbfull_width_section\u00a0\u00bb bg_image=\u00a0\u00bb1108\u2033 text_color=\u00a0\u00bblight\u00a0\u00bb top_padding=\u00a0\u00bb70\u2033 bottom_padding=\u00a0\u00bb70\u2033 class=\u00a0\u00bbgreenBar rowBottomMargin-0 marginFix green-bg\u00a0\u00bb bg_type=\u00a0\u00bbimage\u00a0\u00bb enable_overlay=\u00a0\u00bbenable_overlay_value\u00a0\u00bb overlay_color=\u00a0\u00bbrgba(88,166,24,0.7)\u00a0\u00bb][vc_column width=\u00a0\u00bb1\/1\u2033][vc_column_text] Contactez-Nous \u2013 Emplacement du Centre-ville [\/vc_column_text][\/vc_column][\/vc_row][vc_row bg_color=\u00a0\u00bb#f9f9f9\u2033 text_align=\u00a0\u00bbcenter\u00a0\u00bb top_padding=\u00a0\u00bb40\u2033 bottom_padding=\u00a0\u00bb10\u2033][vc_column width=\u00a0\u00bb1\/1\u2033][vc_column_text] Vous devez \u00eatre un patient de la CPNL de North Bay pour voir une Infirmi\u00e8re Praticienne. Apprend \u00e0 postuler pour devenir patient de l\u2019une de nos cliniques : [\/vc_column_text][\/vc_column][\/vc_row][vc_row top_padding=\u00a0\u00bb40\u2033 bottom_padding=\u00a0\u00bb20\u2033][vc_column width=\u00a0\u00bb1\/3\u2033][vc_column_text] Annuler un Rendez-Vous Par courtoisie envers d\u2019autres patients, veuillez annuler votre rendez-vous 24 heures \u00e0 l\u2019avance. Vous pouvez annuler votre rendez-vous par t\u00e9l\u00e9phone au 705-667-0035\u00a0ou contactez-nous \u00e0 propos de notre service de SMS.[\/vc_column_text][vc_column_text el_class=\u00a0\u00bbAt this time we offer registered patients appointments\u00a0\u00bb] Rendez-vous Veuillez composer le 705-667-0035 pour prendre rendez-vous.[\/vc_column_text][\/vc_column][vc_column width=\u00a0\u00bb1\/3\u2033][vc_column_text] Heures d\u2019ouverture Heures de bureau\/r\u00e9ceptionniste Lundi 8h30 \u00e0 16h00 Mardi 8h30 \u00e0 16h00 Mercredi 8h30 \u00e0 16h00 Jeudi 8h30 \u00e0 16h00 Vendredi 8h00 \u00e0 15h30 Nous sommes ferm\u00e9s tous les jours pour d\u00e9jeuner de 12h00 \u00e0 13h00 Heures du laboratoire Lundi 8h00 \u00e0 15h00 Mardi 8h00 \u00e0 15h00 Mercredi 8h00 \u00e0 15h00 Jeudi 8h00 \u00e0 15h00 Vendredi Services de laboratoire indisponibles [\/vc_column_text][\/vc_column][vc_column width=\u00a0\u00bb1\/3\u2033][vc_raw_html]JTNDaWZyYW1lJTIwc3JjJTNEJTIyaHR0cHMlM0ElMkYlMkZ3d3cuZ29vZ2xlLmNvbSUyRm1hcHMlMkZlbWJlZCUzRnBiJTNEJTIxMW0xNCUyMTFtOCUyMTFtMyUyMTFkNTUxMi4wODk5NzE4MDQ0NzYlMjEyZC03OS40NjM0NDA2NTcxNzc3NCUyMTNkNDYuMzA4OTQ0MDY1ODU1NDklMjEzbTIlMjExaTEwMjQlMjEyaTc2OCUyMTRmMTMuMSUyMTNtMyUyMTFtMiUyMTFzMHgwJTI1M0EweDkwNjQ3ZTVhYWMyMzMyZDUlMjEyc05vcnRoJTI1MjBCYXklMjUyME51cnNlJTI1MjBQcmFjdGl0aW9uZXItTGVkJTI1MjBDbGluaWMlMjUyMERvd250b3duJTIxNWUwJTIxM20yJTIxMXNlbiUyMTJzY2ElMjE0djE2Njc1ODcxOTM1NzYlMjE1bTIlMjExc2VuJTIxMnNjYSUyMiUyMHdpZHRoJTNEJTIyMTAwJTI1JTIyJTIwaGVpZ2h0JTNEJTIyNDUwJTIyJTIwc3R5bGUlM0QlMjJib3JkZXIlM0EwJTNCJTIyJTIwYWxsb3dmdWxsc2NyZWVuJTNEJTIyJTIyJTIwbG9hZGluZyUzRCUyMmxhenklMjIlMjByZWZlcnJlcnBvbGljeSUzRCUyMm5vLXJlZmVycmVyLXdoZW4tZG93bmdyYWRlJTIyJTNFJTNDJTJGaWZyYW1lJTNF[\/vc_raw_html][\/vc_column][\/vc_row][vc_row bottom_padding=\u00a0\u00bb40\u2033][vc_column width=\u00a0\u00bb1\/1\u2033][\/vc_column][\/vc_row][vc_row bg_color=\u00a0\u00bb#f9f9f9\u2033 top_padding=\u00a0\u00bb40\u2033 bottom_padding=\u00a0\u00bb30\u2033][vc_column width=\u00a0\u00bb1\/3\u2033][vc_column_text] Rendez-vous le jour m\u00eame Nous avons plusieurs rendez-vous disponibles le m\u00eame jour tout au long de la semaine. S\u2019il vous pla\u00eet appelez le [&hellip;]","og_url":"https:\/\/www.nbnplc.com\/fr\/contactez-nous\/centre-ville\/","og_site_name":"North Bay Nurse Practitioner Clinic","article_publisher":"https:\/\/www.facebook.com\/North-Bay-Nurse-Practitioner-Led-Clinic-150265282048538\/","article_modified_time":"2022-11-04T18:43:40+00:00","twitter_card":"summary_large_image","twitter_site":"@NorthBayNPLC","twitter_misc":{"Dur\u00e9e de lecture estim\u00e9e":"2 minutes"},"schema":{"@context":"https:\/\/schema.org","@graph":[{"@type":"WebPage","@id":"https:\/\/www.nbnplc.com\/fr\/contactez-nous\/centre-ville\/","url":"https:\/\/www.nbnplc.com\/fr\/contactez-nous\/centre-ville\/","name":"Centre-Ville - North Bay Nurse Practitioner Clinic","isPartOf":{"@id":"https:\/\/www.nbnplc.com\/#website"},"datePublished":"2019-03-21T20:46:39+00:00","dateModified":"2022-11-04T18:43:40+00:00","breadcrumb":{"@id":"https:\/\/www.nbnplc.com\/fr\/contactez-nous\/centre-ville\/#breadcrumb"},"inLanguage":"fr-FR","potentialAction":[{"@type":"ReadAction","target":["https:\/\/www.nbnplc.com\/fr\/contactez-nous\/centre-ville\/"]}]},{"@type":"BreadcrumbList","@id":"https:\/\/www.nbnplc.com\/fr\/contactez-nous\/centre-ville\/#breadcrumb","itemListElement":[{"@type":"ListItem","position":1,"name":"Home","item":"https:\/\/www.nbnplc.com\/fr\/"},{"@type":"ListItem","position":2,"name":"Contactez-nous","item":"https:\/\/www.nbnplc.com\/fr\/contactez-nous\/"},{"@type":"ListItem","position":3,"name":"Centre-Ville"}]},{"@type":"WebSite","@id":"https:\/\/www.nbnplc.com\/#website","url":"https:\/\/www.nbnplc.com\/","name":"North Bay Nurse Practitioner Clinic","description":"","potentialAction":[{"@type":"SearchAction","target":{"@type":"EntryPoint","urlTemplate":"https:\/\/www.nbnplc.com\/?s={search_term_string}"},"query-input":{"@type":"PropertyValueSpecification","valueRequired":true,"valueName":"search_term_string"}}],"inLanguage":"fr-FR"}]}},"_links":{"self":[{"href":"https:\/\/www.nbnplc.com\/fr\/wp-json\/wp\/v2\/pages\/1187","targetHints":{"allow":["GET"]}}],"collection":[{"href":"https:\/\/www.nbnplc.com\/fr\/wp-json\/wp\/v2\/pages"}],"about":[{"href":"https:\/\/www.nbnplc.com\/fr\/wp-json\/wp\/v2\/types\/page"}],"author":[{"embeddable":true,"href":"https:\/\/www.nbnplc.com\/fr\/wp-json\/wp\/v2\/users\/8"}],"replies":[{"embeddable":true,"href":"https:\/\/www.nbnplc.com\/fr\/wp-json\/wp\/v2\/comments?post=1187"}],"version-history":[{"count":8,"href":"https:\/\/www.nbnplc.com\/fr\/wp-json\/wp\/v2\/pages\/1187\/revisions"}],"predecessor-version":[{"id":1594,"href":"https:\/\/www.nbnplc.com\/fr\/wp-json\/wp\/v2\/pages\/1187\/revisions\/1594"}],"up":[{"embeddable":true,"href":"https:\/\/www.nbnplc.com\/fr\/wp-json\/wp\/v2\/pages\/354"}],"wp:attachment":[{"href":"https:\/\/www.nbnplc.com\/fr\/wp-json\/wp\/v2\/media?parent=1187"}],"curies":[{"name":"wp","href":"https:\/\/api.w.org\/{rel}","templated":true}]}}